{"id":112,"date":"2020-02-09T19:57:51","date_gmt":"2020-02-09T18:57:51","guid":{"rendered":"https:\/\/www.clg-cesar.ac-nice.fr\/?page_id=112"},"modified":"2024-12-17T16:22:36","modified_gmt":"2024-12-17T15:22:36","slug":"le-mot-de-la-principale","status":"publish","type":"page","link":"https:\/\/www.clg-cesar.ac-nice.fr\/?page_id=112","title":{"rendered":"Le mot de la Principale"},"content":{"rendered":"<p>Bienvenue au coll\u00e8ge CESAR de ROQUEFORT LES PINS qui compte 705 \u00e9l\u00e8ves, de la 6\u00e8me \u00e0 la 3\u00e8me, avec une section internationale am\u00e9ricaine.<\/p>\n<p>Situ\u00e9 aux portes du parc du Sinodon, l&rsquo;environnement est tr\u00e8s agr\u00e9ablement bois\u00e9.<\/p>\n<p>Le secteur de recrutement, hormis les sections internationales (recrutement sur tests \u00e0 l&rsquo;entr\u00e9e en 6\u00e8me), sont les \u00e9coles \u00e9l\u00e9mentaires de R. BAUD et de M. MATER (priv\u00e9) de Roquefort Les Pins pour l&rsquo;entr\u00e9e en 6\u00e8me.<\/p>\n<p>La carte des formations est vari\u00e9e :<\/p>\n<p>LV2 \u00e0 partir de la 5\u00e8me : allemand, espagnol, italien.<\/p>\n<p>LES OPTIONS\u00a0 :<\/p>\n<p>L.C.A : latin de la 5\u00e8me \u00e0 la 3\u00e8me, grec ancien en 3\u00e8me.<\/p>\n<p>L.C.E (langues et culture europ\u00e9enne) anglais et espagnol au cycle 4.<\/p>\n<p>B.I.A (Brevet d&rsquo;initiation \u00e0 l&rsquo;a\u00e9ronautique) en 3\u00e8me.<\/p>\n<p>Une chorale tr\u00e8s active (le mercredi apr\u00e8s-midi), tout comme l&rsquo;A.S (association sportive).<\/p>\n<p>&nbsp;<\/p>\n","protected":false},"excerpt":{"rendered":"<p>Bienvenue au coll\u00e8ge CESAR de ROQUEFORT LES PINS qui compte 705 \u00e9l\u00e8ves, de la 6\u00e8me \u00e0 la 3\u00e8me, avec une section internationale am\u00e9ricaine. Situ\u00e9 aux portes du parc du Sinodon, l&rsquo;environnement est tr\u00e8s agr\u00e9ablement bois\u00e9. Le secteur de recrutement, hormis les sections internationales (recrutement sur tests \u00e0 l&rsquo;entr\u00e9e en 6\u00e8me), sont les \u00e9coles \u00e9l\u00e9mentaires de &hellip; <\/p>\n<p><a class=\"more-link btn\" href=\"https:\/\/www.clg-cesar.ac-nice.fr\/?page_id=112\">Lire la suite<\/a><\/p>\n","protected":false},"author":636,"featured_media":0,"parent":31,"menu_order":0,"comment_status":"closed","ping_status":"closed","template":"template-twocolumnsleft.php","meta":{"ngg_post_thumbnail":0,"footnotes":""},"class_list":["post-112","page","type-page","status-publish","hentry","nodate","item-wrap"],"_links":{"self":[{"href":"https:\/\/www.clg-cesar.ac-nice.fr\/index.php?rest_route=\/wp\/v2\/pages\/112","targetHints":{"allow":["GET"]}}],"collection":[{"href":"https:\/\/www.clg-cesar.ac-nice.fr\/index.php?rest_route=\/wp\/v2\/pages"}],"about":[{"href":"https:\/\/www.clg-cesar.ac-nice.fr\/index.php?rest_route=\/wp\/v2\/types\/page"}],"author":[{"embeddable":true,"href":"https:\/\/www.clg-cesar.ac-nice.fr\/index.php?rest_route=\/wp\/v2\/users\/636"}],"replies":[{"embeddable":true,"href":"https:\/\/www.clg-cesar.ac-nice.fr\/index.php?rest_route=%2Fwp%2Fv2%2Fcomments&post=112"}],"version-history":[{"count":3,"href":"https:\/\/www.clg-cesar.ac-nice.fr\/index.php?rest_route=\/wp\/v2\/pages\/112\/revisions"}],"predecessor-version":[{"id":559,"href":"https:\/\/www.clg-cesar.ac-nice.fr\/index.php?rest_route=\/wp\/v2\/pages\/112\/revisions\/559"}],"up":[{"embeddable":true,"href":"https:\/\/www.clg-cesar.ac-nice.fr\/index.php?rest_route=\/wp\/v2\/pages\/31"}],"wp:attachment":[{"href":"https:\/\/www.clg-cesar.ac-nice.fr\/index.php?rest_route=%2Fwp%2Fv2%2Fmedia&parent=112"}],"curies":[{"name":"wp","href":"https:\/\/api.w.org\/{rel}","templated":true}]}}