{"id":217,"date":"2020-02-11T10:06:47","date_gmt":"2020-02-11T09:06:47","guid":{"rendered":"https:\/\/www.clg-cesar.ac-nice.fr\/?page_id=217"},"modified":"2020-03-15T10:24:29","modified_gmt":"2020-03-15T09:24:29","slug":"mentions-legales","status":"publish","type":"page","link":"https:\/\/www.clg-cesar.ac-nice.fr\/?page_id=217","title":{"rendered":"Mentions l\u00e9gales"},"content":{"rendered":"<h4>Directrice de la publication<\/h4>\n<p>Mme Malika Elhabiri, Principale du coll\u00e8ge C\u00e9sar<\/p>\n<h4>Secr\u00e9taire de r\u00e9daction (webmestre)<\/h4>\n<p>M. Fabrice Magnone, professeur d&rsquo;histoire-g\u00e9ographie<\/p>\n<h4>Raison sociale :<\/h4>\n<p>Coll\u00e8ge C\u00e9sar<br \/>\n1440 Route de Valbonne<br \/>\n06330 Roquefort-les-Pins<\/p>\n<p>T\u00e9l\u00e9phone : 04 97 01 07 07<br \/>\nT\u00e9l\u00e9copie : 04 97 01 06 99<\/p>\n<h4>H\u00e9bergeur :<\/h4>\n<p>Acad\u00e9mie de Nice<br \/>\n53 avenue Cap de Croix<br \/>\n06181 Nice cedex 2<\/p>\n<p>T\u00e9l\u00e9phone : 04 93 53 70 70<br \/>\nT\u00e9l\u00e9copie : 04 93 53 70 83<\/p>\n<h4>Protection des donn\u00e9es personnelles :<\/h4>\n<p>Conform\u00e9ment aux articles 34 et suivants de la loi \u00ab informatique et libert\u00e9s \u00bb du 6 janvier 1978, vous disposez d\u2019un droit d\u2019acc\u00e8s, de modification, de rectification et de suppression des donn\u00e9es qui vous concernent.<\/p>\n<p>Pour exercer ce droit, faites parvenir un message \u00e9lectronique \u00e0 l\u2019adresse suivante :<\/p>\n<p>Coll\u00e8ge C\u00e9sar<br \/>\nContact : <a href=\"mailto:ce.0062056c@ac-nice.fr\">ce.0062056c@ac-nice.fr<\/a><\/p>\n","protected":false},"excerpt":{"rendered":"<p>Directrice de la publication Mme Malika Elhabiri, Principale du coll\u00e8ge C\u00e9sar Secr\u00e9taire de r\u00e9daction (webmestre) M. Fabrice Magnone, professeur d&rsquo;histoire-g\u00e9ographie Raison sociale : Coll\u00e8ge C\u00e9sar 1440 Route de Valbonne 06330 Roquefort-les-Pins T\u00e9l\u00e9phone : 04 97 01 07 07 T\u00e9l\u00e9copie : 04 97 01 06 99 H\u00e9bergeur : Acad\u00e9mie de Nice 53 avenue Cap de Croix &hellip; <\/p>\n<p><a class=\"more-link btn\" href=\"https:\/\/www.clg-cesar.ac-nice.fr\/?page_id=217\">Lire la suite<\/a><\/p>\n","protected":false},"author":636,"featured_media":0,"parent":0,"menu_order":0,"comment_status":"closed","ping_status":"closed","template":"template-twocolumnsleft.php","meta":{"ngg_post_thumbnail":0,"footnotes":""},"class_list":["post-217","page","type-page","status-publish","hentry","nodate","item-wrap"],"_links":{"self":[{"href":"https:\/\/www.clg-cesar.ac-nice.fr\/index.php?rest_route=\/wp\/v2\/pages\/217","targetHints":{"allow":["GET"]}}],"collection":[{"href":"https:\/\/www.clg-cesar.ac-nice.fr\/index.php?rest_route=\/wp\/v2\/pages"}],"about":[{"href":"https:\/\/www.clg-cesar.ac-nice.fr\/index.php?rest_route=\/wp\/v2\/types\/page"}],"author":[{"embeddable":true,"href":"https:\/\/www.clg-cesar.ac-nice.fr\/index.php?rest_route=\/wp\/v2\/users\/636"}],"replies":[{"embeddable":true,"href":"https:\/\/www.clg-cesar.ac-nice.fr\/index.php?rest_route=%2Fwp%2Fv2%2Fcomments&post=217"}],"version-history":[{"count":11,"href":"https:\/\/www.clg-cesar.ac-nice.fr\/index.php?rest_route=\/wp\/v2\/pages\/217\/revisions"}],"predecessor-version":[{"id":449,"href":"https:\/\/www.clg-cesar.ac-nice.fr\/index.php?rest_route=\/wp\/v2\/pages\/217\/revisions\/449"}],"wp:attachment":[{"href":"https:\/\/www.clg-cesar.ac-nice.fr\/index.php?rest_route=%2Fwp%2Fv2%2Fmedia&parent=217"}],"curies":[{"name":"wp","href":"https:\/\/api.w.org\/{rel}","templated":true}]}}