{"id":31,"date":"2020-01-25T20:56:46","date_gmt":"2020-01-25T19:56:46","guid":{"rendered":"https:\/\/www.clg-cesar.ac-nice.fr\/?page_id=31"},"modified":"2020-02-18T17:13:44","modified_gmt":"2020-02-18T16:13:44","slug":"presentation-de-letablissement","status":"publish","type":"page","link":"https:\/\/www.clg-cesar.ac-nice.fr\/?page_id=31","title":{"rendered":"Pr\u00e9sentation de l&rsquo;\u00e9tablissement"},"content":{"rendered":"<p>Le coll\u00e8ge C\u00e9sar est un \u00e9tablissement public, situ\u00e9 \u00e0 Roquefort-les-Pins.<\/p>\n<p>Il a \u00e9t\u00e9 baptis\u00e9 coll\u00e8ge C\u00e9sar le 4 octobre 2010 en hommage au sculpteur C\u00e9sar Baldaccini.<\/p>\n<p>&nbsp;<\/p>\n<p>Adresse :<\/p>\n<p>1600 Route de Valbonne<br \/>\n06330 Roquefort-les-Pins<\/p>\n","protected":false},"excerpt":{"rendered":"<p>Le coll\u00e8ge C\u00e9sar est un \u00e9tablissement public, situ\u00e9 \u00e0 Roquefort-les-Pins. Il a \u00e9t\u00e9 baptis\u00e9 coll\u00e8ge C\u00e9sar le 4 octobre 2010 en hommage au sculpteur C\u00e9sar Baldaccini. &nbsp; Adresse : 1600 Route de Valbonne 06330 Roquefort-les-Pins<\/p>\n","protected":false},"author":636,"featured_media":0,"parent":0,"menu_order":0,"comment_status":"closed","ping_status":"closed","template":"template-twocolumnsleft.php","meta":{"ngg_post_thumbnail":0,"footnotes":""},"class_list":["post-31","page","type-page","status-publish","hentry","nodate","item-wrap"],"_links":{"self":[{"href":"https:\/\/www.clg-cesar.ac-nice.fr\/index.php?rest_route=\/wp\/v2\/pages\/31","targetHints":{"allow":["GET"]}}],"collection":[{"href":"https:\/\/www.clg-cesar.ac-nice.fr\/index.php?rest_route=\/wp\/v2\/pages"}],"about":[{"href":"https:\/\/www.clg-cesar.ac-nice.fr\/index.php?rest_route=\/wp\/v2\/types\/page"}],"author":[{"embeddable":true,"href":"https:\/\/www.clg-cesar.ac-nice.fr\/index.php?rest_route=\/wp\/v2\/users\/636"}],"replies":[{"embeddable":true,"href":"https:\/\/www.clg-cesar.ac-nice.fr\/index.php?rest_route=%2Fwp%2Fv2%2Fcomments&post=31"}],"version-history":[{"count":4,"href":"https:\/\/www.clg-cesar.ac-nice.fr\/index.php?rest_route=\/wp\/v2\/pages\/31\/revisions"}],"predecessor-version":[{"id":372,"href":"https:\/\/www.clg-cesar.ac-nice.fr\/index.php?rest_route=\/wp\/v2\/pages\/31\/revisions\/372"}],"wp:attachment":[{"href":"https:\/\/www.clg-cesar.ac-nice.fr\/index.php?rest_route=%2Fwp%2Fv2%2Fmedia&parent=31"}],"curies":[{"name":"wp","href":"https:\/\/api.w.org\/{rel}","templated":true}]}}