{"id":65,"date":"2020-01-26T09:21:47","date_gmt":"2020-01-26T08:21:47","guid":{"rendered":"https:\/\/www.clg-cesar.ac-nice.fr\/?page_id=65"},"modified":"2020-02-10T18:56:49","modified_gmt":"2020-02-10T17:56:49","slug":"la-reussite-pour-tous","status":"publish","type":"page","link":"https:\/\/www.clg-cesar.ac-nice.fr\/?page_id=65","title":{"rendered":"La r\u00e9ussite pour tous"},"content":{"rendered":"<p>R\u00e9sultats au brevet des coll\u00e8ges<\/p>\n","protected":false},"excerpt":{"rendered":"<p>R\u00e9sultats au brevet des coll\u00e8ges<\/p>\n","protected":false},"author":636,"featured_media":0,"parent":31,"menu_order":1,"comment_status":"closed","ping_status":"closed","template":"template-twocolumnsleft.php","meta":{"ngg_post_thumbnail":0,"footnotes":""},"class_list":["post-65","page","type-page","status-publish","hentry","nodate","item-wrap"],"_links":{"self":[{"href":"https:\/\/www.clg-cesar.ac-nice.fr\/index.php?rest_route=\/wp\/v2\/pages\/65","targetHints":{"allow":["GET"]}}],"collection":[{"href":"https:\/\/www.clg-cesar.ac-nice.fr\/index.php?rest_route=\/wp\/v2\/pages"}],"about":[{"href":"https:\/\/www.clg-cesar.ac-nice.fr\/index.php?rest_route=\/wp\/v2\/types\/page"}],"author":[{"embeddable":true,"href":"https:\/\/www.clg-cesar.ac-nice.fr\/index.php?rest_route=\/wp\/v2\/users\/636"}],"replies":[{"embeddable":true,"href":"https:\/\/www.clg-cesar.ac-nice.fr\/index.php?rest_route=%2Fwp%2Fv2%2Fcomments&post=65"}],"version-history":[{"count":3,"href":"https:\/\/www.clg-cesar.ac-nice.fr\/index.php?rest_route=\/wp\/v2\/pages\/65\/revisions"}],"predecessor-version":[{"id":167,"href":"https:\/\/www.clg-cesar.ac-nice.fr\/index.php?rest_route=\/wp\/v2\/pages\/65\/revisions\/167"}],"up":[{"embeddable":true,"href":"https:\/\/www.clg-cesar.ac-nice.fr\/index.php?rest_route=\/wp\/v2\/pages\/31"}],"wp:attachment":[{"href":"https:\/\/www.clg-cesar.ac-nice.fr\/index.php?rest_route=%2Fwp%2Fv2%2Fmedia&parent=65"}],"curies":[{"name":"wp","href":"https:\/\/api.w.org\/{rel}","templated":true}]}}